{"id":72,"date":"2025-07-21T20:36:09","date_gmt":"2025-07-21T18:36:09","guid":{"rendered":"https:\/\/www.langenscheidt.net\/?page_id=72"},"modified":"2025-07-24T12:55:27","modified_gmt":"2025-07-24T10:55:27","slug":"datenschutzerklaerung","status":"publish","type":"page","link":"https:\/\/www.langenscheidt.net\/?page_id=72","title":{"rendered":"Datenschutzerkl\u00e4rung"},"content":{"rendered":"<p><\/p>\r\n<h2 class=\"wp-block-heading\">Wer wir sind<\/h2>\r\n<p>\r\n\r\n<\/p>\r\n<h4>Dies ist eine Private nicht Kommerzielle\u00a0 Webseite.<\/h4>\r\n<p>\r\n\r\n<\/p>\r\n<p>Die Adresse unserer Website ist:<\/p>\r\n<p>\r\n\r\n<\/p>\r\n<p><strong>https:\/\/www.langenscheidt.net<\/strong>.<\/p>\r\n<p>\r\n\r\n<\/p>\r\n<h2 class=\"wp-block-heading\">Welche personenbezogenen Daten wir sammeln und warum wir sie sammeln<\/h2>\r\n<p>\r\n\r\n<\/p>\r\n<h3 class=\"wp-block-heading\">Kontaktformulare<\/h3>\r\n<p>\r\n\r\n<\/p>\r\n<h3 class=\"wp-block-heading\">Cookies<\/h3>\r\n<p>\r\n\r\n<\/p>\r\n<p>Wenn du einen Kommentar auf unserer Website schreibst, kann das eine Einwilligung sein, deinen Namen, E-Mail-Adresse und Website in Cookies zu speichern. Dies ist eine Komfortfunktion, damit du nicht, wenn du einen weiteren Kommentar schreibst, all diese Daten erneut eingeben musst. Diese Cookies werden ein Jahr lang gespeichert.<\/p>\r\n<p>\r\n\r\n<\/p>\r\n<p>Falls du ein Konto hast und dich auf dieser Website anmeldest, werden wir ein tempor\u00e4res Cookie setzen, um festzustellen, ob dein Browser Cookies akzeptiert. Dieses Cookie enth\u00e4lt keine personenbezogenen Daten und wird verworfen, wenn du deinen Browser schlie\u00dft.<\/p>\r\n<p>\r\n\r\n<\/p>\r\n<p>Wenn du dich anmeldest, werden wir einige Cookies einrichten, um deine Anmeldeinformationen und Anzeigeoptionen zu speichern. Anmelde-Cookies verfallen nach zwei Tagen und Cookies f\u00fcr die Anzeigeoptionen nach einem Jahr. Falls du bei der Anmeldung \u201eAngemeldet bleiben\u201c ausw\u00e4hlst, wird deine Anmeldung zwei Wochen lang aufrechterhalten. Mit der Abmeldung aus deinem Konto werden die Anmelde-Cookies gel\u00f6scht.<\/p>\r\n<p>\r\n\r\n<\/p>\r\n<p>Wenn du einen Artikel bearbeitest oder ver\u00f6ffentlichst, wird ein zus\u00e4tzlicher Cookie in deinem Browser gespeichert. Dieser Cookie enth\u00e4lt keine personenbezogenen Daten und verweist nur auf die Beitrags-ID des Artikels, den du gerade bearbeitet hast. Der Cookie verf\u00e4llt nach einem Tag.<\/p>\r\n<p>\r\n\r\n<\/p>\r\n<h3 class=\"wp-block-heading\">Eingebettete Inhalte von anderen Websites<\/h3>\r\n<p>\r\n\r\n<\/p>\r\n<p>Beitr\u00e4ge auf dieser Website k\u00f6nnen eingebettete Inhalte beinhalten (z.\u00a0B. Videos, Bilder, Beitr\u00e4ge etc.). Eingebettete Inhalte von anderen Websites verhalten sich exakt so, als ob der Besucher die andere Website besucht h\u00e4tte.<\/p>\r\n<p>\r\n\r\n<\/p>\r\n<p>Diese Websites k\u00f6nnen Daten \u00fcber dich sammeln, Cookies benutzen, zus\u00e4tzliche Tracking-Dienste von Dritten einbetten und deine Interaktion mit diesem eingebetteten Inhalt aufzeichnen, inklusive deiner Interaktion mit dem eingebetteten Inhalt, falls du ein Konto hast und auf dieser Website angemeldet bist.<\/p>\r\n<p>\r\n\r\n<\/p>\r\n<h3 class=\"wp-block-heading\">Analysedienste<\/h3>\r\n<p>\r\n\r\n<\/p>\r\n<h2 class=\"wp-block-heading\">Mit wem wir deine Daten teilen<\/h2>\r\n<p>\r\n\r\n<\/p>\r\n<p>Daten werden nicht mit dritten geteilt.<\/p>\r\n<p>\r\n\r\n<\/p>\r\n<h2 class=\"wp-block-heading\">Wie lange wir deine Daten speichern<\/h2>\r\n<p>\r\n\r\n<\/p>\r\n<p>Speicherung findet \u00fcber das Kontaktformulars statt in dem es die eingegebenen Daten per Mail an den Webmaster verschickt . Eine Speicherung findet so lange statt ,bis diese Mail gel\u00f6scht wird.<\/p>\r\n<p>\r\n\r\n<\/p>\r\n<h2 class=\"wp-block-heading\">Wohin wir deine Daten senden<\/h2>\r\n<p>\r\n\r\n<\/p>\r\n<p>Besucher-Kommentare k\u00f6nnten von einem automatisierten Dienst zur Spam-Erkennung untersucht werden.<\/p>\r\n<p>\r\n\r\n<\/p>\r\n<h2 class=\"wp-block-heading\">Deine Kontakt-Informationen<\/h2>\r\n<p>\r\n\r\n<\/p>\r\n<p>Dirk Langenscheidt<\/p>\r\n<p>\r\n\r\n<\/p>\r\n<p>Kontaktinformationen im Impressum<\/p>\r\n<p>\r\n\r\n<\/p>\r\n<h3 class=\"wp-block-heading\">Weiter Informationen:<\/h3>\r\n<p>\r\n\r\n<\/p>\r\n<p>Alle hier abgebildeten Modelle haben eine Modell Release Vertrag unterzeichnet!!<\/p>\r\n<p>\r\n\r\n<\/p>\r\n<p>Kommentarfunktionen sind deaktiviert<\/p>\r\n<p>\r\n\r\n<\/p>\r\n<h3 class=\"wp-block-heading\">Akismet<\/h3>\r\n<p>\r\n\r\n<\/p>\r\n<h3 class=\"wp-block-heading\"><strong>Wir sammeln Informationen \u00fcber Besucher, die Kommentare auf Websites, die unseren Akismet Anti-Spam Service benutzen, hinterlassen. Das Ausma\u00df an Informationen, die wir sammeln, h\u00e4ngt davon ab, wie der Benutzer seine Website einstellt hat. Normalerweise beinhalten diese Daten die IP-Adresse des Benutzers, den User Agent, Referrer und Website-URL (sowie den Informationen, die der Benutzer direkt eingegeben hat wie z.B. Namen, Benutzernamen, E-Mail-Adresse und den Kommentar selbst).<\/strong><\/h3>\r\n<p><\/p>","protected":false},"excerpt":{"rendered":"<p>Wer wir sind Dies ist eine Private nicht Kommerzielle\u00a0 Webseite. Die Adresse unserer Website ist: https:\/\/www.langenscheidt.net. Welche personenbezogenen Daten wir sammeln und warum wir sie sammeln Kontaktformulare Cookies Wenn du einen Kommentar auf unserer Website schreibst, kann das eine Einwilligung sein, deinen Namen, E-Mail-Adresse und Website in Cookies zu speichern. Dies ist eine Komfortfunktion, damit [&hellip;]<\/p>\n","protected":false},"author":1,"featured_media":0,"parent":0,"menu_order":0,"comment_status":"closed","ping_status":"closed","template":"","meta":{"footnotes":""},"class_list":["post-72","page","type-page","status-publish","hentry"],"_links":{"self":[{"href":"https:\/\/www.langenscheidt.net\/index.php?rest_route=\/wp\/v2\/pages\/72","targetHints":{"allow":["GET"]}}],"collection":[{"href":"https:\/\/www.langenscheidt.net\/index.php?rest_route=\/wp\/v2\/pages"}],"about":[{"href":"https:\/\/www.langenscheidt.net\/index.php?rest_route=\/wp\/v2\/types\/page"}],"author":[{"embeddable":true,"href":"https:\/\/www.langenscheidt.net\/index.php?rest_route=\/wp\/v2\/users\/1"}],"replies":[{"embeddable":true,"href":"https:\/\/www.langenscheidt.net\/index.php?rest_route=%2Fwp%2Fv2%2Fcomments&post=72"}],"version-history":[{"count":2,"href":"https:\/\/www.langenscheidt.net\/index.php?rest_route=\/wp\/v2\/pages\/72\/revisions"}],"predecessor-version":[{"id":74,"href":"https:\/\/www.langenscheidt.net\/index.php?rest_route=\/wp\/v2\/pages\/72\/revisions\/74"}],"wp:attachment":[{"href":"https:\/\/www.langenscheidt.net\/index.php?rest_route=%2Fwp%2Fv2%2Fmedia&parent=72"}],"curies":[{"name":"wp","href":"https:\/\/api.w.org\/{rel}","templated":true}]}}